{"id":5563,"date":"2022-04-11T10:19:59","date_gmt":"2022-04-11T15:19:59","guid":{"rendered":"https:\/\/www.integrait.co\/?page_id=5563"},"modified":"2025-06-24T12:21:09","modified_gmt":"2025-06-24T17:21:09","slug":"politica-de-cookies","status":"publish","type":"page","link":"https:\/\/integrait.co\/es\/politica-de-cookies\/","title":{"rendered":"Pol\u00edtica de Cookies"},"content":{"rendered":"\t\t<div data-elementor-type=\"wp-page\" data-elementor-id=\"5563\" class=\"elementor elementor-5563 elementor-1516\" data-elementor-post-type=\"page\">\n\t\t\t\t\t\t<section class=\"elementor-section elementor-top-section elementor-element elementor-element-bd5a33d elementor-section-full_width elementor-hidden-mobile elementor-section-height-default elementor-section-height-default\" data-id=\"bd5a33d\" data-element_type=\"section\" data-e-type=\"section\">\n\t\t\t\t\t\t<div class=\"elementor-container elementor-column-gap-default\">\n\t\t\t\t\t<div class=\"elementor-column elementor-col-100 elementor-top-column elementor-element elementor-element-9f77ec0\" data-id=\"9f77ec0\" data-element_type=\"column\" data-e-type=\"column\">\n\t\t\t<div class=\"elementor-widget-wrap elementor-element-populated\">\n\t\t\t\t\t\t<div class=\"elementor-element elementor-element-435f86c elementor--h-position-left elementor--v-position-middle elementor-pagination-position-inside elementor-widget elementor-widget-slides\" data-id=\"435f86c\" data-element_type=\"widget\" data-e-type=\"widget\" data-settings=\"{&quot;navigation&quot;:&quot;dots&quot;,&quot;transition&quot;:&quot;slide&quot;,&quot;transition_speed&quot;:500}\" data-widget_type=\"slides.default\">\n\t\t\t\t<div class=\"elementor-widget-container\">\n\t\t\t\t\t\t\t\t\t<div class=\"elementor-swiper\">\n\t\t\t\t\t<div class=\"elementor-slides-wrapper elementor-main-swiper swiper\" role=\"region\" aria-roledescription=\"carousel\" aria-label=\"Slides\" dir=\"ltr\" data-animation=\"fadeInUp\">\n\t\t\t\t<div class=\"swiper-wrapper elementor-slides\">\n\t\t\t\t\t\t\t\t\t\t<div class=\"elementor-repeater-item-3192012 swiper-slide\" role=\"group\" aria-roledescription=\"slide\"><div class=\"swiper-slide-bg\" role=\"img\" aria-label=\"policies\"><\/div><div class=\"swiper-slide-inner\" ><div class=\"swiper-slide-contents\"><div class=\"elementor-slide-heading\"><h1>Pol\u00edtica<br> <span style=\"color:#098392; font-size:53px;\">de Cookies<\/span><\/h1><\/div><\/div><\/div><\/div>\t\t\t\t<\/div>\n\t\t\t\t\t\t\t<\/div>\n\t\t\t\t<\/div>\n\t\t\t\t\t\t\t\t<\/div>\n\t\t\t\t<\/div>\n\t\t\t\t\t<\/div>\n\t\t<\/div>\n\t\t\t\t\t<\/div>\n\t\t<\/section>\n\t\t\t\t<section class=\"elementor-section elementor-top-section elementor-element elementor-element-79a9d58 elementor-section-full_width elementor-hidden-desktop elementor-hidden-tablet elementor-section-height-default elementor-section-height-default\" data-id=\"79a9d58\" data-element_type=\"section\" data-e-type=\"section\">\n\t\t\t\t\t\t<div class=\"elementor-container elementor-column-gap-default\">\n\t\t\t\t\t<div class=\"elementor-column elementor-col-100 elementor-top-column elementor-element elementor-element-28f1335\" data-id=\"28f1335\" data-element_type=\"column\" data-e-type=\"column\">\n\t\t\t<div class=\"elementor-widget-wrap elementor-element-populated\">\n\t\t\t\t\t\t<div class=\"elementor-element elementor-element-1871dc9 elementor--h-position-left elementor--v-position-top elementor-pagination-position-inside elementor-widget elementor-widget-slides\" data-id=\"1871dc9\" data-element_type=\"widget\" data-e-type=\"widget\" data-settings=\"{&quot;navigation&quot;:&quot;dots&quot;,&quot;transition&quot;:&quot;slide&quot;,&quot;transition_speed&quot;:500}\" data-widget_type=\"slides.default\">\n\t\t\t\t<div class=\"elementor-widget-container\">\n\t\t\t\t\t\t\t\t\t<div class=\"elementor-swiper\">\n\t\t\t\t\t<div class=\"elementor-slides-wrapper elementor-main-swiper swiper\" role=\"region\" aria-roledescription=\"carousel\" aria-label=\"Slides\" dir=\"ltr\" data-animation=\"fadeInUp\">\n\t\t\t\t<div class=\"swiper-wrapper elementor-slides\">\n\t\t\t\t\t\t\t\t\t\t<div class=\"elementor-repeater-item-3192012 swiper-slide\" role=\"group\" aria-roledescription=\"slide\"><div class=\"swiper-slide-bg\" role=\"img\" aria-label=\"policies\"><\/div><div class=\"swiper-slide-inner\" ><div class=\"swiper-slide-contents\"><div class=\"elementor-slide-heading\"><h1>Pol\u00edtica<br> <span style=\"color:#098392; font-size:53px;\">de Cookies<\/span><\/h1><\/div><\/div><\/div><\/div>\t\t\t\t<\/div>\n\t\t\t\t\t\t\t<\/div>\n\t\t\t\t<\/div>\n\t\t\t\t\t\t\t\t<\/div>\n\t\t\t\t<\/div>\n\t\t\t\t\t<\/div>\n\t\t<\/div>\n\t\t\t\t\t<\/div>\n\t\t<\/section>\n\t\t\t\t<section class=\"elementor-section elementor-top-section elementor-element elementor-element-73c0e2b elementor-section-boxed elementor-section-height-default elementor-section-height-default\" data-id=\"73c0e2b\" data-element_type=\"section\" data-e-type=\"section\">\n\t\t\t\t\t\t<div class=\"elementor-container elementor-column-gap-default\">\n\t\t\t\t\t<div class=\"elementor-column elementor-col-100 elementor-top-column elementor-element elementor-element-0b4affc\" data-id=\"0b4affc\" data-element_type=\"column\" data-e-type=\"column\">\n\t\t\t<div class=\"elementor-widget-wrap elementor-element-populated\">\n\t\t\t\t\t\t<div class=\"elementor-element elementor-element-d931f4a elementor-widget elementor-widget-text-editor\" data-id=\"d931f4a\" data-element_type=\"widget\" data-e-type=\"widget\" data-widget_type=\"text-editor.default\">\n\t\t\t\t<div class=\"elementor-widget-container\">\n\t\t\t\t\t\t\t\t\t<p><em>Fecha de vigencia: 1 de abril de 2021<\/em><\/p><p>Integra IT (\u00abnosotros\u00bb) entendemos que su privacidad es importante para usted y estamos comprometidos a ser transparentes sobre las tecnolog\u00edas que utiliza. Esta Pol\u00edtica de cookies explica c\u00f3mo y por qu\u00e9 las cookies, balizas web, p\u00edxeles, gifs transparentes y otras tecnolog\u00edas similares (colectivamente \u00abCookies y otras tecnolog\u00edas de seguimiento\u00bb) se pueden almacenar y acceder desde su dispositivo cuando usa o visita cualquier sitio web o aplicaci\u00f3n que publica un enlace a esta Pol\u00edtica (colectivamente, \u00ablos Sitios\u00bb). Esta Pol\u00edtica de cookies debe leerse junto con nuestra Pol\u00edtica de privacidad y Condiciones de uso.<\/p><p>\u00bfQu\u00e9 son las cookies y otras tecnolog\u00edas de seguimiento? Una cookie es un peque\u00f1o archivo de texto que se puede almacenar y acceder desde su dispositivo cuando visita nuestro Sitio, en la medida en que est\u00e9 de acuerdo. Las otras tecnolog\u00edas de seguimiento funcionan de manera similar a las cookies y colocan peque\u00f1os archivos de datos en sus dispositivos o monitorean la actividad de su sitio web para permitirnos recopilar informaci\u00f3n sobre c\u00f3mo usa nuestro Sitio. Esto permite que nuestro Sitio reconozca su dispositivo de los de otros usuarios del Sitio. La informaci\u00f3n que se proporciona a continuaci\u00f3n sobre las cookies tambi\u00e9n se aplica a estas otras tecnolog\u00edas de seguimiento. Puede encontrar m\u00e1s informaci\u00f3n en www.allaboutcookies.org<\/p><p><strong>\u00bfC\u00f3mo utiliza nuestro sitio las cookies y otras tecnolog\u00edas de seguimiento?<\/strong><\/p><p>Integra IT utiliza cookies y otras tecnolog\u00edas de seguimiento para identificarlo a usted y sus intereses, recordar sus preferencias y rastrear su uso de nuestro sitio. Tambi\u00e9n utilizamos cookies y otras tecnolog\u00edas de seguimiento para controlar el acceso a cierto contenido de nuestro sitio, proteger el sitio y procesar cualquier solicitud que nos haga.<\/p><p>Para administrar nuestro Sitio y con fines de investigaci\u00f3n, Integra IT tambi\u00e9n ha contratado proveedores de servicios externos para rastrear y analizar el uso estad\u00edstico y la informaci\u00f3n de volumen de los usuarios de nuestro Sitio. Estos proveedores de servicios externos utilizan cookies persistentes para ayudarnos a mejorar la experiencia del usuario, administrar el contenido de nuestro sitio y analizar c\u00f3mo los usuarios navegan y utilizan el sitio.<\/p><p><strong>Cookies propias y de terceros<\/strong><\/p><p>Las \u201ccookies de origen\u201d son cookies que pertenecen a Integra IT y que Integra IT coloca en su dispositivo. Las \u00abcookies de terceros\u00bb son cookies que otra parte coloca en su dispositivo a trav\u00e9s de nuestro sitio. Integra IT puede contratar proveedores de servicios externos para enviar correos electr\u00f3nicos a los usuarios que nos hayan proporcionado su informaci\u00f3n de contacto. Para ayudar a medir y mejorar la eficacia de nuestras comunicaciones por correo electr\u00f3nico y \/ o para determinar si se han abierto mensajes y se ha hecho clic en enlaces, los proveedores de servicios externos pueden colocar cookies en los dispositivos de estos usuarios.<\/p><p>Para obtener m\u00e1s informaci\u00f3n sobre c\u00f3mo estas empresas recopilan y utilizan la informaci\u00f3n en nuestro nombre, consulte sus pol\u00edticas de privacidad como se indica a continuaci\u00f3n. Dependiendo del sitio, utilizamos los siguientes tipos de cookies:<\/p><p>* Cookies persistentes. Usamos cookies persistentes para mejorar su experiencia de uso del sitio. Esto incluye registrar su aceptaci\u00f3n de nuestra Pol\u00edtica de cookies para eliminar el mensaje de cookies que aparece por primera vez cuando utiliza el Sitio.<\/p><p>* Cookies de sesi\u00f3n. Las cookies de sesi\u00f3n son temporales y se eliminan de su m\u00e1quina cuando se cierra su navegador web. Usamos cookies de sesi\u00f3n para ayudarnos a rastrear el uso de Internet como se describe arriba.<\/p><p>Puede negarse a aceptar cookies del navegador activando la configuraci\u00f3n adecuada en su navegador. Sin embargo, si selecciona esta configuraci\u00f3n, es posible que no pueda acceder a ciertas partes del Sitio. A menos que haya ajustado la configuraci\u00f3n de su navegador para que rechace las Cookies, nuestro sistema emitir\u00e1 Cookies cuando dirija su navegador a nuestro Sitio.<\/p><p>Los datos recopilados por el Sitio y \/ o mediante las Cookies que se puedan colocar en su computadora no se conservar\u00e1n por m\u00e1s tiempo del necesario para cumplir con los prop\u00f3sitos mencionados anteriormente. En cualquier caso, dicha informaci\u00f3n no se conservar\u00e1 durante m\u00e1s de un a\u00f1o.<\/p><p><b>\u00bfC\u00f3mo rechazo o retiro mi consentimiento para el uso de cookies?<\/b><\/p><p>Si no desea que se depositen cookies en su dispositivo, puede ajustar la configuraci\u00f3n de su navegador de Internet para rechazar la configuraci\u00f3n de todas o algunas de las cookies y para que le avise cuando se coloque una cookie en su dispositivo. Para obtener m\u00e1s informaci\u00f3n sobre c\u00f3mo hacerlo, consulte la secci\u00f3n de \u00abayuda\u00bb \/ \u00abherramienta\u00bb o \u00abeditar\u00bb de su navegador o visite <strong><a href=\"http:\/\/www.allaboutcookies.org\" target=\"_blank\" rel=\"noopener\">www.allaboutcookies.org<\/a><\/strong><\/p><p>Tenga en cuenta que si utiliza la configuraci\u00f3n de su navegador para bloquear todas las cookies (incluidas las cookies estrictamente necesarias), es posible que no pueda acceder o utilizar todas o partes de las funcionalidades de nuestro sitio.<\/p><p>Si desea eliminar las cookies almacenadas previamente, puede eliminarlas manualmente en cualquier momento. Sin embargo, esto no evitar\u00e1 que el Sitio coloque m\u00e1s Cookies en su dispositivo a menos que y hasta que ajuste la configuraci\u00f3n de su navegador de Internet como se describe anteriormente.<\/p><p>Para obtener m\u00e1s informaci\u00f3n sobre el desarrollo de perfiles de usuario y el uso de cookies de orientaci\u00f3n \/ publicidad, consulte <strong><a href=\"http:\/\/www.youronlinechoices.eu\" target=\"_blank\" rel=\"noopener\">www.youronlinechoices.eu<\/a><\/strong> si se encuentra en Europa o www.aboutads.info\/choice si se encuentra en los Estados Unidos.<\/p><p><b>Cont\u00e1ctanos<\/b><\/p><p>Si tiene alguna pregunta sobre nuestra Pol\u00edtica de privacidad o si desea comunicarse con nuestro equipo, comun\u00edquese con nosotros a: <a href=\"mailto:contact@integrait.co\" target=\"_blank\" rel=\"noopener\"><strong>contact@integrait.co<\/strong><\/a><\/p>\t\t\t\t\t\t\t\t<\/div>\n\t\t\t\t<\/div>\n\t\t\t\t\t<\/div>\n\t\t<\/div>\n\t\t\t\t\t<\/div>\n\t\t<\/section>\n\t\t\t\t<\/div>\n\t\t","protected":false},"excerpt":{"rendered":"<p>Pol\u00edtica de Cookies Pol\u00edtica de Cookies Fecha de vigencia: 1 de abril de 2021 Integra IT (\u00abnosotros\u00bb) entendemos que su privacidad es importante para usted y estamos comprometidos a ser transparentes sobre las tecnolog\u00edas que utiliza. Esta Pol\u00edtica de cookies explica c\u00f3mo y por qu\u00e9 las cookies, balizas web, p\u00edxeles, gifs transparentes y otras tecnolog\u00edas&hellip; <a class=\"more-link\" href=\"https:\/\/integrait.co\/es\/politica-de-cookies\/\">Seguir leyendo <span class=\"screen-reader-text\">Pol\u00edtica de Cookies<\/span><\/a><\/p>\n","protected":false},"author":2,"featured_media":0,"parent":0,"menu_order":0,"comment_status":"closed","ping_status":"closed","template":"elementor_header_footer","meta":{"footnotes":""},"class_list":["post-5563","page","type-page","status-publish","hentry","entry"],"aioseo_notices":[],"_links":{"self":[{"href":"https:\/\/integrait.co\/es\/wp-json\/wp\/v2\/pages\/5563","targetHints":{"allow":["GET"]}}],"collection":[{"href":"https:\/\/integrait.co\/es\/wp-json\/wp\/v2\/pages"}],"about":[{"href":"https:\/\/integrait.co\/es\/wp-json\/wp\/v2\/types\/page"}],"author":[{"embeddable":true,"href":"https:\/\/integrait.co\/es\/wp-json\/wp\/v2\/users\/2"}],"replies":[{"embeddable":true,"href":"https:\/\/integrait.co\/es\/wp-json\/wp\/v2\/comments?post=5563"}],"version-history":[{"count":23,"href":"https:\/\/integrait.co\/es\/wp-json\/wp\/v2\/pages\/5563\/revisions"}],"predecessor-version":[{"id":24329,"href":"https:\/\/integrait.co\/es\/wp-json\/wp\/v2\/pages\/5563\/revisions\/24329"}],"wp:attachment":[{"href":"https:\/\/integrait.co\/es\/wp-json\/wp\/v2\/media?parent=5563"}],"curies":[{"name":"wp","href":"https:\/\/api.w.org\/{rel}","templated":true}]}}