{"id":5554,"date":"2022-04-11T09:59:00","date_gmt":"2022-04-11T14:59:00","guid":{"rendered":"https:\/\/www.integrait.co\/?page_id=5554"},"modified":"2024-07-16T12:24:58","modified_gmt":"2024-07-16T17:24:58","slug":"terminos-de-uso-integrait","status":"publish","type":"page","link":"https:\/\/integrait.co\/es\/terminos-de-uso-integrait\/","title":{"rendered":"T\u00e9rminos de Uso"},"content":{"rendered":"\t\t<div data-elementor-type=\"wp-page\" data-elementor-id=\"5554\" class=\"elementor elementor-5554 elementor-1499\" data-elementor-post-type=\"page\">\n\t\t\t\t\t\t<section class=\"elementor-section elementor-top-section elementor-element elementor-element-734aa4e elementor-section-full_width elementor-hidden-mobile elementor-section-height-default elementor-section-height-default\" data-id=\"734aa4e\" data-element_type=\"section\" data-e-type=\"section\">\n\t\t\t\t\t\t<div class=\"elementor-container elementor-column-gap-default\">\n\t\t\t\t\t<div class=\"elementor-column elementor-col-100 elementor-top-column elementor-element elementor-element-257c406\" data-id=\"257c406\" data-element_type=\"column\" data-e-type=\"column\">\n\t\t\t<div class=\"elementor-widget-wrap elementor-element-populated\">\n\t\t\t\t\t\t<div class=\"elementor-element elementor-element-25037ae elementor--h-position-left elementor--v-position-middle elementor-pagination-position-inside elementor-widget elementor-widget-slides\" data-id=\"25037ae\" data-element_type=\"widget\" data-e-type=\"widget\" data-settings=\"{&quot;navigation&quot;:&quot;dots&quot;,&quot;transition&quot;:&quot;slide&quot;,&quot;transition_speed&quot;:500}\" data-widget_type=\"slides.default\">\n\t\t\t\t<div class=\"elementor-widget-container\">\n\t\t\t\t\t\t\t\t\t<div class=\"elementor-swiper\">\n\t\t\t\t\t<div class=\"elementor-slides-wrapper elementor-main-swiper swiper\" role=\"region\" aria-roledescription=\"carousel\" aria-label=\"Diapositivas\" dir=\"ltr\" data-animation=\"fadeInUp\">\n\t\t\t\t<div class=\"swiper-wrapper elementor-slides\">\n\t\t\t\t\t\t\t\t\t\t<div class=\"elementor-repeater-item-3192012 swiper-slide\" role=\"group\" aria-roledescription=\"slide\"><div class=\"swiper-slide-bg\" role=\"img\" aria-label=\"policies\"><\/div><div class=\"swiper-slide-inner\" ><div class=\"swiper-slide-contents\"><div class=\"elementor-slide-heading\"><h1>T\u00e9rminos<br> <span style=\"color:#098392; font-size:53px;\">de Uso<\/span><\/h1><\/div><\/div><\/div><\/div>\t\t\t\t<\/div>\n\t\t\t\t\t\t\t<\/div>\n\t\t\t\t<\/div>\n\t\t\t\t\t\t\t\t<\/div>\n\t\t\t\t<\/div>\n\t\t\t\t\t<\/div>\n\t\t<\/div>\n\t\t\t\t\t<\/div>\n\t\t<\/section>\n\t\t\t\t<section class=\"elementor-section elementor-top-section elementor-element elementor-element-edee739 elementor-section-full_width elementor-hidden-desktop elementor-hidden-tablet elementor-section-height-default elementor-section-height-default\" data-id=\"edee739\" data-element_type=\"section\" data-e-type=\"section\">\n\t\t\t\t\t\t<div class=\"elementor-container elementor-column-gap-default\">\n\t\t\t\t\t<div class=\"elementor-column elementor-col-100 elementor-top-column elementor-element elementor-element-f99bbc2\" data-id=\"f99bbc2\" data-element_type=\"column\" data-e-type=\"column\">\n\t\t\t<div class=\"elementor-widget-wrap elementor-element-populated\">\n\t\t\t\t\t\t<div class=\"elementor-element elementor-element-fd913fd elementor--h-position-left elementor--v-position-top elementor-pagination-position-inside elementor-widget elementor-widget-slides\" data-id=\"fd913fd\" data-element_type=\"widget\" data-e-type=\"widget\" data-settings=\"{&quot;navigation&quot;:&quot;dots&quot;,&quot;transition&quot;:&quot;slide&quot;,&quot;transition_speed&quot;:500}\" data-widget_type=\"slides.default\">\n\t\t\t\t<div class=\"elementor-widget-container\">\n\t\t\t\t\t\t\t\t\t<div class=\"elementor-swiper\">\n\t\t\t\t\t<div class=\"elementor-slides-wrapper elementor-main-swiper swiper\" role=\"region\" aria-roledescription=\"carousel\" aria-label=\"Diapositivas\" dir=\"ltr\" data-animation=\"fadeInUp\">\n\t\t\t\t<div class=\"swiper-wrapper elementor-slides\">\n\t\t\t\t\t\t\t\t\t\t<div class=\"elementor-repeater-item-3192012 swiper-slide\" role=\"group\" aria-roledescription=\"slide\"><div class=\"swiper-slide-bg\" role=\"img\" aria-label=\"policies\"><\/div><div class=\"swiper-slide-inner\" ><div class=\"swiper-slide-contents\"><div class=\"elementor-slide-heading\"><h1>T\u00e9rminos<br> <span style=\"color:#098392; font-size:53px;\">de Uso<\/span><\/h1><\/div><\/div><\/div><\/div>\t\t\t\t<\/div>\n\t\t\t\t\t\t\t<\/div>\n\t\t\t\t<\/div>\n\t\t\t\t\t\t\t\t<\/div>\n\t\t\t\t<\/div>\n\t\t\t\t\t<\/div>\n\t\t<\/div>\n\t\t\t\t\t<\/div>\n\t\t<\/section>\n\t\t\t\t<section class=\"elementor-section elementor-top-section elementor-element elementor-element-f2ae7d9 elementor-section-boxed elementor-section-height-default elementor-section-height-default\" data-id=\"f2ae7d9\" data-element_type=\"section\" data-e-type=\"section\">\n\t\t\t\t\t\t<div class=\"elementor-container elementor-column-gap-default\">\n\t\t\t\t\t<div class=\"elementor-column elementor-col-100 elementor-top-column elementor-element elementor-element-1f89dcc\" data-id=\"1f89dcc\" data-element_type=\"column\" data-e-type=\"column\">\n\t\t\t<div class=\"elementor-widget-wrap elementor-element-populated\">\n\t\t\t\t\t\t<div class=\"elementor-element elementor-element-17b1800 elementor-widget elementor-widget-text-editor\" data-id=\"17b1800\" data-element_type=\"widget\" data-e-type=\"widget\" data-widget_type=\"text-editor.default\">\n\t\t\t\t<div class=\"elementor-widget-container\">\n\t\t\t\t\t\t\t\t\t<p>Integra IT (\u00abnosotros\u00bb o \u00abnos\u00bb) proporciona su contenido en su sitio web o aplicaciones que publican un enlace a estos T\u00e9rminos de uso (el \u00abSitio\u00bb) sujeto a los siguientes t\u00e9rminos y condiciones (los \u00abT\u00e9rminos\u00bb). Es posible que cambiemos los T\u00e9rminos peri\u00f3dicamente sin previo aviso, por lo tanto, vuelva a consultarlos de vez en cuando. Estos T\u00e9rminos se actualizaron por \u00faltima vez el 1 de abril de 2021. Al acceder y utilizar este Sitio, usted acepta estos T\u00e9rminos. Para obtener una explicaci\u00f3n de las pr\u00e1cticas y pol\u00edticas de Integra IT relacionadas con la recopilaci\u00f3n, el uso y el almacenamiento de la informaci\u00f3n de nuestros usuarios, lea nuestra Pol\u00edtica de privacidad.<\/p><p>\u00a0<\/p><p><b>1. Derechos de autor<\/b><\/p><p>\u00a0<\/p><p>Todo el contenido y la funcionalidad del Sitio, incluidos texto, gr\u00e1ficos, logotipos, iconos, im\u00e1genes y videos y la selecci\u00f3n y disposici\u00f3n de los mismos, adem\u00e1s de cualquier concepto, conocimiento, herramientas, marcos, software, aplicaciones u otra tecnolog\u00eda, algoritmos. , modelos, procesos y perspectivas de la industria subyacentes o incrustadas en lo anterior, junto con cualquier mejora o trabajo derivado de los mismos (el \u00abContenido del sitio\u00bb) es propiedad exclusiva de Integra IT o sus licenciantes y, en la medida de lo aplicable, est\u00e1 protegido por las leyes internacionales de derechos de autor. Ni el Contenido del sitio ni la funcionalidad del Sitio pueden copiarse, reproducirse, modificarse, someterse a ingenier\u00eda inversa, alterarse (incluida la eliminaci\u00f3n o deshabilitaci\u00f3n de cualquier protecci\u00f3n de seguridad o tecnol\u00f3gica, descargos de responsabilidad o leyendas), cargarse, publicarse, publicarse, transmitirse o distribuirse. de cualquier forma sin nuestro permiso por escrito, excepto para los usos especificados en la Secci\u00f3n 3 &#8211; Uso del contenido del sitio. Todos los derechos no expresamente concedidos quedan reservados.<\/p><p>\u00a0<\/p><p><b>2. Marcas comerciales<\/b><\/p><p>\u00a0<\/p><p>Las marcas comerciales, marcas de servicio, dise\u00f1os y logotipos (colectivamente, las \u201cMarcas comerciales\u201d) que se muestran en el Sitio son marcas comerciales registradas y no registradas de Integra IT y sus licenciantes. Usted acepta que, excepto cuando lo permitamos expresamente (por ejemplo, a trav\u00e9s de las herramientas para compartir en las redes sociales proporcionadas en el Sitio) o nuestros otorgantes de licencias, cuando corresponda, no remitir\u00e1 ni atribuir\u00e1 ninguna informaci\u00f3n a Integra IT o sus otorgantes de licencias en ning\u00fan medio p\u00fablico. (por ejemplo, comunicados de prensa, sitios web o redes sociales p\u00fablicas) con fines publicitarios o de promoci\u00f3n, o con el fin de informar o influir en un tercero y que no utilizar\u00e1 ni reproducir\u00e1 ninguna Marca comercial de, ni implicar\u00e1 ning\u00fan respaldo o relaci\u00f3n con , Integra IT o sus licenciantes.<\/p><p>\u00a0<\/p><p><b>3. Uso del contenido del sitio<\/b><\/p><p>\u00a0<\/p><p>Por la presente, Integra IT le otorga una licencia limitada, no exclusiva, intransferible y revocable por el t\u00e9rmino del presente para acceder y descargar, mostrar e imprimir una copia del Contenido del sitio en una sola computadora \u00fanicamente para su uso comercial interno, siempre que que no modifica el Contenido del sitio de ninguna manera (incluida la creaci\u00f3n de trabajos derivados del mismo), que conserva todos los avisos de derechos de autor y otros avisos de propiedad que se muestran en el Contenido del sitio y que, de lo contrario, cumple con estos T\u00e9rminos. No puede reproducir, modificar, realizar ingenier\u00eda inversa, distribuir, transmitir, publicar o divulgar el Contenido del sitio sin el consentimiento previo por escrito de Integra. Adem\u00e1s, no puede \u00abduplicar\u00bb el Contenido del sitio o cualquier parte del mismo sin el consentimiento expreso por escrito de Integra. Nada en este Sitio debe interpretarse como una concesi\u00f3n directa o indirecta, o por implicaci\u00f3n, de cualquier licencia o derecho para usar cualquier propiedad intelectual de Integra IT que no sea lo expresamente establecido en este documento. La licencia otorgada en esta secci\u00f3n termina autom\u00e1tica e inmediatamente si no cumple con estos T\u00e9rminos.<\/p><p>\u00a0<\/p><p><b>4. Publicaciones de usuarios<\/b><\/p><p>\u00a0<\/p><p>Usted reconoce y acepta que Integra IT ser\u00e1 propietario y tendr\u00e1 el derecho irrestricto de usar, publicar y explotar de cualquier otra forma toda la informaci\u00f3n que publique o publique en el Sitio en publicaciones, foros o tableros de mensajes, cuestionarios, respuestas a encuestas y de otro modo. , y usted reconoce y acepta que, al proporcionarnos dicha presentaci\u00f3n, autom\u00e1ticamente nos otorga, y por la presente nos otorga, una garant\u00eda mundial, no exclusiva, transferible, asignable, sublicenciable, totalmente pagada, libre de regal\u00edas, perpetua, licencia irrevocable y derecho a usar, reproducir, publicar, distribuir, modificar y explotar dicho env\u00edo para cualquier prop\u00f3sito, y en cualquier forma o medio, no prohibido por la ley aplicable. Adem\u00e1s, por la presente renuncia a cualquier reclamo contra Integra IT por cualquier infracci\u00f3n presunta o real de cualquier derecho de privacidad o publicidad, derechos de propiedad intelectual, derechos morales o derechos de atribuci\u00f3n en relaci\u00f3n con el uso y publicaci\u00f3n de Integra de dichos env\u00edos.<\/p><p>\u00a0<\/p><p>Usted promete que no publicar\u00e1 ni publicar\u00e1 en el Sitio ning\u00fan material que (a) sea amenazante, calumnioso, difamatorio u obsceno; (b) constituir\u00eda, o alentar\u00eda una conducta que constituir\u00eda, un delito, dar lugar a responsabilidad civil o violar la ley; (c) infringir la propiedad intelectual, la privacidad u otros derechos de terceros; (d) contener un virus inform\u00e1tico u otro elemento destructivo; (e) contener publicidad; (f) constituyan o contengan declaraciones falsas o enga\u00f1osas; o (g) viola estos T\u00e9rminos.<\/p><p>\u00a0<\/p><p>Integra IT no representa ni respalda la precisi\u00f3n de la confiabilidad de la informaci\u00f3n publicada en el Sitio por los usuarios. Adem\u00e1s, Integra IT no revisa ni puede revisar toda la informaci\u00f3n publicada en el Sitio por los usuarios y no es responsable de dicha informaci\u00f3n. Sin embargo, Integra IT se reserva el derecho a negarse a publicar y el derecho a eliminar cualquier informaci\u00f3n, en su totalidad o en parte, por cualquier motivo o sin motivo.<\/p><p>\u00a0<\/p><p><b>5. Avisos de infracci\u00f3n y eliminaci\u00f3n por parte de Integra IT<\/b><\/p><p>\u00a0<\/p><p>Integra IT proh\u00edbe la publicaci\u00f3n de cualquier informaci\u00f3n que infrinja o viole los derechos de autor y \/ u otros derechos de propiedad intelectual (incluidos los derechos de privacidad y publicidad) de cualquier persona o entidad. Si cree que su derecho de propiedad intelectual (o un derecho que usted es responsable de hacer cumplir) es infringido por cualquier contenido del Sitio, escriba a Integra IT a la direcci\u00f3n que se muestra a continuaci\u00f3n, proporcionando una declaraci\u00f3n por escrito que contenga: (a) identificaci\u00f3n del trabajo protegido por derechos de autor y \/ o derecho de propiedad intelectual que se alega haber sido infringido; (b) identificaci\u00f3n del material presuntamente infractor en el Sitio que se solicita eliminar; (c) su nombre, direcci\u00f3n y n\u00famero de tel\u00e9fono durante el d\u00eda, y una direcci\u00f3n de correo electr\u00f3nico si est\u00e1 disponible; (d) una declaraci\u00f3n de que usted cree de buena fe que el uso del trabajo protegido por derechos de autor y \/ o el ejercicio del derecho de propiedad intelectual no est\u00e1 autorizado por el propietario, su agente o la ley; (e) una declaraci\u00f3n de que la informaci\u00f3n contenida en la notificaci\u00f3n es precisa y, bajo pena de perjurio, que el signatario est\u00e1 autorizado a actuar en nombre del propietario del derecho presuntamente infringido; y (f) la firma del propietario del derecho de propiedad intelectual o alguien autorizado en nombre del propietario para afirmar la infracci\u00f3n del derecho. Integra IT eliminar\u00e1 cualquier env\u00edo publicado que infrinja los derechos de autor u otro derecho de propiedad intelectual de cualquier persona.<\/p><p>\u00a0<\/p><p><b>6. Descargos de responsabilidad<\/b><\/p><p>\u00a0<\/p><p>EL CONTENIDO Y FUNCIONALIDAD DEL SITIO SE PROPORCIONA CON EL ENTENDIMIENTO DE QUE INTEGRA IT NO EST\u00c1 EN ESTE DOCUMENTO A PRESTAR ASESORAMIENTO O SERVICIOS PROFESIONALES PARA USTED, NING\u00daN CONTENIDO DEL SITIO TIENE LA INTENCI\u00d3N DE SER O DEBE SER CONSIDERADO INVERSI\u00d3N, LEGAL, FISCAL, CONTABLE U OTRO REGLAMENTO. CONSEJO Y QUE USTED SER\u00c1 EL \u00daNICO RESPONSABLE DEL USO DE TODO EL CONTENIDO DEL SITIO Y RECONOCE QUE CUALQUIER CONFIANZA EN EL CONTENIDO DEL SITIO SER\u00c1 TOTALMENTE A SU \u00daNICA OPCI\u00d3N Y RIESGO. TODO EL CONTENIDO Y FUNCIONALIDAD DEL SITIO SE PROPORCIONA \u201cTAL CUAL\u201d, SIN GARANT\u00cdA DE NING\u00daN TIPO, YA SEA EXPRESA O IMPL\u00cdCITA, INCLUYENDO, SIN LIMITACI\u00d3N, GARANT\u00cdAS IMPL\u00cdCITAS DE COMERCIABILIDAD E IDONEIDAD PARA UN PROP\u00d3SITO PARTICULAR. INTEGRA IT Y SUS PROVEEDORES DE CONTENIDO DE TERCEROS NO OFRECEN GARANT\u00cdAS, EXPRESAS O IMPL\u00cdCITAS, EN CUANTO A LA PROPIEDAD, EXACTITUD O ADECUACI\u00d3N DEL CONTENIDO DEL SITIO. INTEGRA IT NO TENDR\u00c1 RESPONSABILIDAD NI RESPONSABILIDAD POR CUALQUIER INFORMACI\u00d3N PUBLICADA EN SITIOS WEB VINCULADOS, CONTENIDA EN CUALQUIER ENV\u00cdO DE USUARIO PUBLICADO EN EL SITIO O PROPORCIONADO POR TERCEROS. NI INTEGRA IT NI SUS PROVEEDORES DE CONTENIDO DE TERCEROS SER\u00c1N RESPONSABLES DE NING\u00daN DA\u00d1O O P\u00c9RDIDA INDIRECTA, INCIDENTAL, CONSECUENTE O PUNITIVA, O POR LA P\u00c9RDIDA DE INGRESOS O BENEFICIOS, YA SEA INFORMADO O NO DE LA POSIBILIDAD DE DICHOS DA\u00d1OS Y REGRESOS. DE RESPONSABILIDAD.<\/p><p>\u00a0<\/p><p><b>7. Indemnizaci\u00f3n<\/b><\/p><p>\u00a0<\/p><p>Por la presente, usted indemniza, defiende y mantiene indemne a Integra IT y a todos sus predecesores, sucesores, matrices, subsidiarias, afiliadas, funcionarios, directores, accionistas, inversionistas, empleados, agentes, representantes y abogados y sus respectivos herederos, sucesores y cesionarios. (\u00abPartes Indemnizadas de Integra IT\u00bb) de y contra cualquier responsabilidad, gasto, costo u otras p\u00e9rdidas (\u00abP\u00e9rdidas\u00bb) incurridas por Integra IT y \/ o Partes Indemnizadas de Integra IT en relaci\u00f3n con cualquier reclamo que surja de su uso de el Sitio y \/ o cualquier incumplimiento por su parte de estos T\u00e9rminos, incluidas las representaciones, garant\u00edas y convenios que hizo, si los hubiera, al aceptar estos T\u00e9rminos. Integra IT se reserva el derecho de asumir, por su propia cuenta, la defensa y el control exclusivos de cualquier asunto sujeto a indemnizaci\u00f3n por su parte.<\/p><p>\u00a0<\/p><p><b>8. Sitios web y proveedores de terceros<\/b><\/p><p>\u00a0<\/p><p>Podemos proporcionar enlaces a sitios web de terceros, y parte del contenido que parece estar en este Sitio es, de hecho, suministrado, respaldado o proporcionado directa o indirectamente por terceros, por ejemplo, en casos de marcos de sitios web de terceros o incorporaci\u00f3n a trav\u00e9s de framesets de contenido suministrado por servidores de terceros. Integra IT no es responsable de estos sitios web de terceros, que se rigen por los t\u00e9rminos de uso y las pol\u00edticas de privacidad, si las hubiera, de los proveedores de contenido de terceros correspondientes.<\/p><p>\u00a0<\/p><p><b>9. Ley aplicable; jurisdicci\u00f3n<\/b><\/p><p>\u00a0<\/p><p>Estos T\u00e9rminos se rigen por la Ley de privacidad de comunicaciones electr\u00f3nicas, Elementos de autorregulaci\u00f3n efectiva para la protecci\u00f3n de la privacidad y la Ley de protecci\u00f3n de la privacidad en l\u00ednea de los ni\u00f1os para la protecci\u00f3n de la informaci\u00f3n personal de los usuarios de los Estados Unidos de Am\u00e9rica.<\/p><p>\u00a0<\/p><p><b>Cont\u00e1ctanos<\/b><\/p><p>\u00a0<\/p><p>Si tiene alguna pregunta sobre nuestra Pol\u00edtica de privacidad o si desea comunicarse con nuestro equipo, comun\u00edquese con nosotros a: <a href=\"mailto:contact@integrait.co\">contact@integrait.co<\/a><\/p>\t\t\t\t\t\t\t\t<\/div>\n\t\t\t\t<\/div>\n\t\t\t\t\t<\/div>\n\t\t<\/div>\n\t\t\t\t\t<\/div>\n\t\t<\/section>\n\t\t\t\t<\/div>\n\t\t","protected":false},"excerpt":{"rendered":"<p>T\u00e9rminos de Uso T\u00e9rminos de Uso Integra IT (\u00abnosotros\u00bb o \u00abnos\u00bb) proporciona su contenido en su sitio web o aplicaciones que publican un enlace a estos T\u00e9rminos de uso (el \u00abSitio\u00bb) sujeto a los siguientes t\u00e9rminos y condiciones (los \u00abT\u00e9rminos\u00bb). Es posible que cambiemos los T\u00e9rminos peri\u00f3dicamente sin previo aviso, por lo tanto, vuelva a&hellip; <a class=\"more-link\" href=\"https:\/\/integrait.co\/es\/terminos-de-uso-integrait\/\">Seguir leyendo <span class=\"screen-reader-text\">T\u00e9rminos de Uso<\/span><\/a><\/p>\n","protected":false},"author":2,"featured_media":0,"parent":0,"menu_order":0,"comment_status":"closed","ping_status":"closed","template":"elementor_header_footer","meta":{"footnotes":""},"class_list":["post-5554","page","type-page","status-publish","hentry","entry"],"aioseo_notices":[],"_links":{"self":[{"href":"https:\/\/integrait.co\/es\/wp-json\/wp\/v2\/pages\/5554","targetHints":{"allow":["GET"]}}],"collection":[{"href":"https:\/\/integrait.co\/es\/wp-json\/wp\/v2\/pages"}],"about":[{"href":"https:\/\/integrait.co\/es\/wp-json\/wp\/v2\/types\/page"}],"author":[{"embeddable":true,"href":"https:\/\/integrait.co\/es\/wp-json\/wp\/v2\/users\/2"}],"replies":[{"embeddable":true,"href":"https:\/\/integrait.co\/es\/wp-json\/wp\/v2\/comments?post=5554"}],"version-history":[{"count":9,"href":"https:\/\/integrait.co\/es\/wp-json\/wp\/v2\/pages\/5554\/revisions"}],"predecessor-version":[{"id":24325,"href":"https:\/\/integrait.co\/es\/wp-json\/wp\/v2\/pages\/5554\/revisions\/24325"}],"wp:attachment":[{"href":"https:\/\/integrait.co\/es\/wp-json\/wp\/v2\/media?parent=5554"}],"curies":[{"name":"wp","href":"https:\/\/api.w.org\/{rel}","templated":true}]}}